{"id":2869,"date":"2024-10-30T10:06:46","date_gmt":"2024-10-30T09:06:46","guid":{"rendered":"https:\/\/shardo.xyz\/?post_type=product&#038;p=2869"},"modified":"2024-12-06T10:35:37","modified_gmt":"2024-12-06T09:35:37","slug":"call-me-maybe-tshirt","status":"publish","type":"product","link":"https:\/\/shardo.xyz\/en\/product\/call-me-maybe-tshirt\/","title":{"rendered":"Call me maybe t-shirt"},"content":{"rendered":"<p>T-shirt natural raw. Mod\u00e8le signature \u00e0 coupe oversize. \u00c9paules tombantes.<br \/>\n100% coton, 220g\/m2.<\/p>","protected":false},"excerpt":{"rendered":"<p>T-shirt natural raw. Mod\u00e8le signature \u00e0 coupe oversize. \u00c9paules tombantes.<br \/>\n100% coton, 220g\/m2.<\/p>","protected":false},"featured_media":2944,"comment_status":"closed","ping_status":"closed","template":"","meta":{"content-type":""},"product_brand":[],"product_cat":[43,52],"product_tag":[],"class_list":{"0":"post-2869","1":"product","2":"type-product","3":"status-publish","4":"has-post-thumbnail","6":"product_cat-blanc","7":"product_cat-natural-raw","9":"first","10":"instock","11":"taxable","12":"shipping-taxable","13":"purchasable","14":"product-type-variable"},"yoast_head":"<!-- This site is optimized with the Yoast SEO plugin v27.4 - https:\/\/yoast.com\/product\/yoast-seo-wordpress\/ -->\n<title>Call me maybe t-shirt - SHARDO.<\/title>\n<meta name=\"description\" content=\"\u00a0T-shirt natural raw. Mod\u00e8le signature \u00e0 coupe oversize. \u00c9paules tombantes. 100% coton, 220g\/m2.\" \/>\n<meta name=\"robots\" content=\"index, follow, max-snippet:-1, max-image-preview:large, max-video-preview:-1\" \/>\n<link rel=\"canonical\" href=\"https:\/\/shardo.xyz\/en\/product\/call-me-maybe-tshirt\/\" \/>\n<meta property=\"og:locale\" content=\"en_GB\" \/>\n<meta property=\"og:type\" content=\"article\" \/>\n<meta property=\"og:title\" content=\"Call me maybe t-shirt - SHARDO.\" \/>\n<meta property=\"og:description\" content=\"\u00a0T-shirt natural raw. Mod\u00e8le signature \u00e0 coupe oversize. \u00c9paules tombantes. 100% coton, 220g\/m2.\" \/>\n<meta property=\"og:url\" content=\"https:\/\/shardo.xyz\/en\/product\/call-me-maybe-tshirt\/\" \/>\n<meta property=\"og:site_name\" content=\"SHARDO.\" \/>\n<meta property=\"article:modified_time\" content=\"2024-12-06T09:35:37+00:00\" \/>\n<meta property=\"og:image\" content=\"https:\/\/shardo.xyz\/wp-content\/uploads\/2024\/10\/shardo_CALL-front.webp\" \/>\n\t<meta property=\"og:image:width\" content=\"1000\" \/>\n\t<meta property=\"og:image:height\" content=\"1000\" \/>\n\t<meta property=\"og:image:type\" content=\"image\/webp\" \/>\n<meta name=\"twitter:card\" content=\"summary_large_image\" \/>\n<meta name=\"twitter:label1\" content=\"Estimated reading time\" \/>\n\t<meta name=\"twitter:data1\" content=\"1 minute\" \/>\n<script type=\"application\/ld+json\" class=\"yoast-schema-graph\">{\"@context\":\"https:\\\/\\\/schema.org\",\"@graph\":[{\"@type\":\"WebPage\",\"@id\":\"https:\\\/\\\/shardo.xyz\\\/produit\\\/call-me-maybe-tshirt\\\/\",\"url\":\"https:\\\/\\\/shardo.xyz\\\/produit\\\/call-me-maybe-tshirt\\\/\",\"name\":\"Call me maybe t-shirt - SHARDO.\",\"isPartOf\":{\"@id\":\"https:\\\/\\\/shardo.xyz\\\/#website\"},\"primaryImageOfPage\":{\"@id\":\"https:\\\/\\\/shardo.xyz\\\/produit\\\/call-me-maybe-tshirt\\\/#primaryimage\"},\"image\":{\"@id\":\"https:\\\/\\\/shardo.xyz\\\/produit\\\/call-me-maybe-tshirt\\\/#primaryimage\"},\"thumbnailUrl\":\"https:\\\/\\\/shardo.xyz\\\/wp-content\\\/uploads\\\/2024\\\/10\\\/shardo_CALL-front.webp\",\"datePublished\":\"2024-10-30T09:06:46+00:00\",\"dateModified\":\"2024-12-06T09:35:37+00:00\",\"description\":\"\u00a0T-shirt natural raw. Mod\u00e8le signature \u00e0 coupe oversize. \u00c9paules tombantes. 100% coton, 220g\\\/m2.\",\"breadcrumb\":{\"@id\":\"https:\\\/\\\/shardo.xyz\\\/produit\\\/call-me-maybe-tshirt\\\/#breadcrumb\"},\"inLanguage\":\"en-GB\",\"potentialAction\":[{\"@type\":\"ReadAction\",\"target\":[\"https:\\\/\\\/shardo.xyz\\\/produit\\\/call-me-maybe-tshirt\\\/\"]}]},{\"@type\":\"ImageObject\",\"inLanguage\":\"en-GB\",\"@id\":\"https:\\\/\\\/shardo.xyz\\\/produit\\\/call-me-maybe-tshirt\\\/#primaryimage\",\"url\":\"https:\\\/\\\/shardo.xyz\\\/wp-content\\\/uploads\\\/2024\\\/10\\\/shardo_CALL-front.webp\",\"contentUrl\":\"https:\\\/\\\/shardo.xyz\\\/wp-content\\\/uploads\\\/2024\\\/10\\\/shardo_CALL-front.webp\",\"width\":1000,\"height\":1000},{\"@type\":\"BreadcrumbList\",\"@id\":\"https:\\\/\\\/shardo.xyz\\\/produit\\\/call-me-maybe-tshirt\\\/#breadcrumb\",\"itemListElement\":[{\"@type\":\"ListItem\",\"position\":1,\"name\":\"Accueil\",\"item\":\"https:\\\/\\\/shardo.xyz\\\/\"},{\"@type\":\"ListItem\",\"position\":2,\"name\":\"SHOP\",\"item\":\"https:\\\/\\\/shardo.xyz\\\/shop\\\/\"},{\"@type\":\"ListItem\",\"position\":3,\"name\":\"Call me maybe t-shirt\"}]},{\"@type\":\"WebSite\",\"@id\":\"https:\\\/\\\/shardo.xyz\\\/#website\",\"url\":\"https:\\\/\\\/shardo.xyz\\\/\",\"name\":\"SHARDO.\",\"description\":\"QR Code T-Shirts\",\"publisher\":{\"@id\":\"https:\\\/\\\/shardo.xyz\\\/#organization\"},\"potentialAction\":[{\"@type\":\"SearchAction\",\"target\":{\"@type\":\"EntryPoint\",\"urlTemplate\":\"https:\\\/\\\/shardo.xyz\\\/?s={search_term_string}\"},\"query-input\":{\"@type\":\"PropertyValueSpecification\",\"valueRequired\":true,\"valueName\":\"search_term_string\"}}],\"inLanguage\":\"en-GB\"},{\"@type\":\"Organization\",\"@id\":\"https:\\\/\\\/shardo.xyz\\\/#organization\",\"name\":\"Shardo.\",\"url\":\"https:\\\/\\\/shardo.xyz\\\/\",\"logo\":{\"@type\":\"ImageObject\",\"inLanguage\":\"en-GB\",\"@id\":\"https:\\\/\\\/shardo.xyz\\\/#\\\/schema\\\/logo\\\/image\\\/\",\"url\":\"https:\\\/\\\/shardo.xyz\\\/wp-content\\\/uploads\\\/2022\\\/07\\\/Sans-titre-1-1.png\",\"contentUrl\":\"https:\\\/\\\/shardo.xyz\\\/wp-content\\\/uploads\\\/2022\\\/07\\\/Sans-titre-1-1.png\",\"width\":1080,\"height\":1080,\"caption\":\"Shardo.\"},\"image\":{\"@id\":\"https:\\\/\\\/shardo.xyz\\\/#\\\/schema\\\/logo\\\/image\\\/\"}}]}<\/script>\n<!-- \/ Yoast SEO plugin. -->","yoast_head_json":{"title":"Call me maybe t-shirt - SHARDO.","description":"\u00a0T-shirt natural raw. Mod\u00e8le signature \u00e0 coupe oversize. \u00c9paules tombantes. 100% coton, 220g\/m2.","robots":{"index":"index","follow":"follow","max-snippet":"max-snippet:-1","max-image-preview":"max-image-preview:large","max-video-preview":"max-video-preview:-1"},"canonical":"https:\/\/shardo.xyz\/en\/product\/call-me-maybe-tshirt\/","og_locale":"en_GB","og_type":"article","og_title":"Call me maybe t-shirt - SHARDO.","og_description":"\u00a0T-shirt natural raw. Mod\u00e8le signature \u00e0 coupe oversize. \u00c9paules tombantes. 100% coton, 220g\/m2.","og_url":"https:\/\/shardo.xyz\/en\/product\/call-me-maybe-tshirt\/","og_site_name":"SHARDO.","article_modified_time":"2024-12-06T09:35:37+00:00","og_image":[{"width":1000,"height":1000,"url":"https:\/\/shardo.xyz\/wp-content\/uploads\/2024\/10\/shardo_CALL-front.webp","type":"image\/webp"}],"twitter_card":"summary_large_image","twitter_misc":{"Estimated reading time":"1 minute"},"schema":{"@context":"https:\/\/schema.org","@graph":[{"@type":"WebPage","@id":"https:\/\/shardo.xyz\/produit\/call-me-maybe-tshirt\/","url":"https:\/\/shardo.xyz\/produit\/call-me-maybe-tshirt\/","name":"Call me maybe t-shirt - SHARDO.","isPartOf":{"@id":"https:\/\/shardo.xyz\/#website"},"primaryImageOfPage":{"@id":"https:\/\/shardo.xyz\/produit\/call-me-maybe-tshirt\/#primaryimage"},"image":{"@id":"https:\/\/shardo.xyz\/produit\/call-me-maybe-tshirt\/#primaryimage"},"thumbnailUrl":"https:\/\/shardo.xyz\/wp-content\/uploads\/2024\/10\/shardo_CALL-front.webp","datePublished":"2024-10-30T09:06:46+00:00","dateModified":"2024-12-06T09:35:37+00:00","description":"\u00a0T-shirt natural raw. Mod\u00e8le signature \u00e0 coupe oversize. \u00c9paules tombantes. 100% coton, 220g\/m2.","breadcrumb":{"@id":"https:\/\/shardo.xyz\/produit\/call-me-maybe-tshirt\/#breadcrumb"},"inLanguage":"en-GB","potentialAction":[{"@type":"ReadAction","target":["https:\/\/shardo.xyz\/produit\/call-me-maybe-tshirt\/"]}]},{"@type":"ImageObject","inLanguage":"en-GB","@id":"https:\/\/shardo.xyz\/produit\/call-me-maybe-tshirt\/#primaryimage","url":"https:\/\/shardo.xyz\/wp-content\/uploads\/2024\/10\/shardo_CALL-front.webp","contentUrl":"https:\/\/shardo.xyz\/wp-content\/uploads\/2024\/10\/shardo_CALL-front.webp","width":1000,"height":1000},{"@type":"BreadcrumbList","@id":"https:\/\/shardo.xyz\/produit\/call-me-maybe-tshirt\/#breadcrumb","itemListElement":[{"@type":"ListItem","position":1,"name":"Accueil","item":"https:\/\/shardo.xyz\/"},{"@type":"ListItem","position":2,"name":"SHOP","item":"https:\/\/shardo.xyz\/shop\/"},{"@type":"ListItem","position":3,"name":"Call me maybe t-shirt"}]},{"@type":"WebSite","@id":"https:\/\/shardo.xyz\/#website","url":"https:\/\/shardo.xyz\/","name":"SHARDO.","description":"QR Code T-Shirts","publisher":{"@id":"https:\/\/shardo.xyz\/#organization"},"potentialAction":[{"@type":"SearchAction","target":{"@type":"EntryPoint","urlTemplate":"https:\/\/shardo.xyz\/?s={search_term_string}"},"query-input":{"@type":"PropertyValueSpecification","valueRequired":true,"valueName":"search_term_string"}}],"inLanguage":"en-GB"},{"@type":"Organization","@id":"https:\/\/shardo.xyz\/#organization","name":"Shardo.","url":"https:\/\/shardo.xyz\/","logo":{"@type":"ImageObject","inLanguage":"en-GB","@id":"https:\/\/shardo.xyz\/#\/schema\/logo\/image\/","url":"https:\/\/shardo.xyz\/wp-content\/uploads\/2022\/07\/Sans-titre-1-1.png","contentUrl":"https:\/\/shardo.xyz\/wp-content\/uploads\/2022\/07\/Sans-titre-1-1.png","width":1080,"height":1080,"caption":"Shardo."},"image":{"@id":"https:\/\/shardo.xyz\/#\/schema\/logo\/image\/"}}]}},"jetpack_sharing_enabled":true,"_links":{"self":[{"href":"https:\/\/shardo.xyz\/en\/wp-json\/wp\/v2\/product\/2869","targetHints":{"allow":["GET"]}}],"collection":[{"href":"https:\/\/shardo.xyz\/en\/wp-json\/wp\/v2\/product"}],"about":[{"href":"https:\/\/shardo.xyz\/en\/wp-json\/wp\/v2\/types\/product"}],"replies":[{"embeddable":true,"href":"https:\/\/shardo.xyz\/en\/wp-json\/wp\/v2\/comments?post=2869"}],"wp:featuredmedia":[{"embeddable":true,"href":"https:\/\/shardo.xyz\/en\/wp-json\/wp\/v2\/media\/2944"}],"wp:attachment":[{"href":"https:\/\/shardo.xyz\/en\/wp-json\/wp\/v2\/media?parent=2869"}],"wp:term":[{"taxonomy":"product_brand","embeddable":true,"href":"https:\/\/shardo.xyz\/en\/wp-json\/wp\/v2\/product_brand?post=2869"},{"taxonomy":"product_cat","embeddable":true,"href":"https:\/\/shardo.xyz\/en\/wp-json\/wp\/v2\/product_cat?post=2869"},{"taxonomy":"product_tag","embeddable":true,"href":"https:\/\/shardo.xyz\/en\/wp-json\/wp\/v2\/product_tag?post=2869"}],"curies":[{"name":"wp","href":"https:\/\/api.w.org\/{rel}","templated":true}]}}